{"id":25,"date":"2018-11-29T15:09:40","date_gmt":"2018-11-29T15:09:40","guid":{"rendered":"http:\/\/localhost\/yootheme-pro\/2019\/craft\/Website_WP\/index.php\/portfolio\/"},"modified":"2025-02-06T07:40:59","modified_gmt":"2025-02-06T07:40:59","slug":"portfolio","status":"publish","type":"page","link":"https:\/\/die-bedrucker.de\/?page_id=25","title":{"rendered":"Portfolio"},"content":{"rendered":"<h1>Eine Auswahl unserer Arbeiten<\/h1>\n<ul>\n<li>\n<p>        <img decoding=\"async\" src=\"wp-content\/uploads\/Von1.jpg\" alt=\"\"><\/p>\n<\/li>\n<li>\n<p>        <img decoding=\"async\" src=\"wp-content\/uploads\/transporter_1.jpg\" alt=\"\"><\/p>\n<\/li>\n<li>\n<p>        <img decoding=\"async\" src=\"wp-content\/uploads\/home-header-slideshow-01.jpg\" alt=\"\"><\/p>\n<\/li>\n<li>\n<p>        <img decoding=\"async\" src=\"wp-content\/uploads\/db-0367.jpg\" alt=\"\"><\/p>\n<\/li>\n<li>\n<p>        <img decoding=\"async\" src=\"wp-content\/uploads\/db-0506.jpg\" alt=\"\"><\/p>\n<\/li>\n<li>\n<p>        <img decoding=\"async\" src=\"wp-content\/uploads\/db-0225.jpg\" alt=\"\"><\/p>\n<\/li>\n<li>\n<p>        <img decoding=\"async\" src=\"wp-content\/uploads\/db-0046.jpg\" alt=\"\"><\/p>\n<\/li>\n<li>\n<p>        <img decoding=\"async\" src=\"wp-content\/uploads\/db-2.jpg\" alt=\"\"><\/p>\n<\/li>\n<li>\n<p>        <img decoding=\"async\" src=\"wp-content\/uploads\/db-0082.jpg\" alt=\"\"><\/p>\n<\/li>\n<\/ul>\n<h2>KFZ-WERBUNG<\/h2>\n<div>\n<p>KREATIVE ENTW\u00dcRFE F\u00dcR DIE BESTM\u00d6GLICHE PR\u00c4SENTATION DEINES UNTERNEHMENS. <br \/>HOCHWERTIGE MATERIALIEN SORGEN F\u00dcR BRILLANTE FARBEN UND EINE LANGE HALTBARKEIT.<\/p>\n<\/div>\n<p>\n    <a href=\"index.php?page_id=27\">ANFRAGE STELLEN<\/a>\n<\/p>\n<ul>\n<li>\n<p>        <img decoding=\"async\" src=\"wp-content\/uploads\/DSC_0526.jpg\" alt=\"\"><\/p>\n<\/li>\n<li>\n<p>        <img decoding=\"async\" src=\"wp-content\/uploads\/db-1691.jpg\" alt=\"\"><\/p>\n<\/li>\n<li>\n<p>        <img decoding=\"async\" src=\"wp-content\/uploads\/db-1693.jpg\" alt=\"\"><\/p>\n<\/li>\n<li>\n<p>        <img decoding=\"async\" src=\"wp-content\/uploads\/20160531_180713.jpg\" alt=\"\"><\/p>\n<\/li>\n<li>\n<p>        <img decoding=\"async\" src=\"wp-content\/uploads\/db-1489.jpg\" alt=\"\"><\/p>\n<\/li>\n<li>\n<p>        <img decoding=\"async\" src=\"wp-content\/uploads\/db-4.jpg\" alt=\"\"><\/p>\n<\/li>\n<li>\n<p>        <img decoding=\"async\" src=\"wp-content\/uploads\/db-0224.jpg\" alt=\"\"><\/p>\n<\/li>\n<li>\n<p>        <img decoding=\"async\" src=\"wp-content\/uploads\/db-0229.jpg\" alt=\"\"><\/p>\n<\/li>\n<\/ul>\n<h2>SCHAUFENSTERWERBUNG &#038; RAUMGESTALTUNG<\/h2>\n<div>\n<p>MIT UNSEREN UV,- UND TEMPERATURSTABILEN -80 BIS +110\u00b0 CELSIUS) FOLIEN KEIN PROBLEM.<\/p>\n<\/div>\n<p>\n    <a href=\"index.php?page_id=27\">ANFRAGE STELLEN<\/a>\n<\/p>\n<ul>\n<li>\n<p>        <img decoding=\"async\" src=\"wp-content\/uploads\/Shirts5.jpg\" alt=\"\"><\/p>\n<h3>Shirts5<\/h3>\n<\/li>\n<li>\n<p>        <img decoding=\"async\" src=\"wp-content\/uploads\/Shirts4.jpg\" alt=\"\"><\/p>\n<h3>Shirts4<\/h3>\n<\/li>\n<li>\n<p>        <img decoding=\"async\" src=\"wp-content\/uploads\/Shirts3.jpg\" alt=\"\"><\/p>\n<h3>Shirts3<\/h3>\n<\/li>\n<li>\n<p>        <img decoding=\"async\" src=\"wp-content\/uploads\/Shirts2.jpg\" alt=\"\"><\/p>\n<h3>Shirts2<\/h3>\n<\/li>\n<li>\n<p>        <img decoding=\"async\" src=\"wp-content\/uploads\/Shirts1.jpg\" alt=\"\"><\/p>\n<h3>Shirts1<\/h3>\n<\/li>\n<\/ul>\n<h2>TEXTILDRUCK<\/h2>\n<div>\n<p>MACH\u00b4 MIT UNS DEIN EINZELST\u00dcCK &#8211; WIR PRODUZIEREN AB ST\u00dcCKZAHL 1\u00a0<\/p>\n<p>DU BRAUCHST MEHR? KEIN PROBLEM &#8211; AUCH 500 BEDRUCKTE TEILE DAUERN BEI UNS NUR WENIGE TAGE!<\/p>\n<\/div>\n<p>\n    <a href=\"index.php?page_id=27\">ANFRAGE STELLEN<\/a>\n<\/p>\n<p><!-- {\"name\":\"\",\"type\":\"layout\",\"children\":[{\"name\":\"Hero\",\"type\":\"section\",\"props\":{\"style\":\"default\",\"width\":\"large\",\"vertical_align\":\"\",\"title_position\":\"top-left\",\"title_rotation\":\"left\",\"title_breakpoint\":\"xl\",\"image_position\":\"center-center\",\"text_color\":\"\",\"width_expand\":\"\",\"height\":\"\",\"padding\":\"xlarge\",\"header_transparent\":\"\",\"animation\":\"\",\"image_effect\":\"\"},\"children\":[{\"name\":\"\",\"type\":\"row\",\"props\":{\"layout\":\"1-1\",\"breakpoint\":\"m\",\"fixed_width\":\"large\",\"gutter\":\"\",\"width\":\"\",\"width_expand\":\"\",\"height\":\"\",\"margin\":\"\"},\"children\":[{\"name\":\"\",\"type\":\"column\",\"props\":{\"widths\":[\"1-1\"],\"image_position\":\"center-center\",\"vertical_align\":\"\",\"style\":\"\",\"text_color\":\"\",\"padding\":\"\",\"media_overlay_gradient\":\"\"},\"children\":[{\"name\":\"\",\"type\":\"headline\",\"props\":{\"title_element\":\"h1\",\"title_style\":\"heading-medium\",\"title_decoration\":\"\",\"title_color\":\"\",\"text_align\":\"center\",\"text_align_breakpoint\":\"\",\"text_align_fallback\":\"\",\"maxwidth\":\"\",\"maxwidth_breakpoint\":\"\",\"margin\":\"\",\"animation\":\"parallax\",\"visibility\":\"\",\"content\":\"Eine Auswahl unserer Arbeiten\",\"parallax_breakpoint\":\"m\",\"parallax_y_start\":\"0\",\"parallax_y_end\":\"-75\",\"block_align\":\"\",\"position\":\"\",\"position_z_index\":\"\",\"block_align_breakpoint\":\"\",\"block_align_fallback\":\"\"}}]}]}]},{\"name\":\"Portfolio\",\"type\":\"section\",\"props\":{\"style\":\"default\",\"width\":\"\",\"vertical_align\":\"\",\"title_position\":\"top-left\",\"title_rotation\":\"left\",\"title_breakpoint\":\"xl\",\"image_position\":\"center-center\",\"text_color\":\"\",\"width_expand\":\"left\",\"height\":\"\",\"padding\":\"large\",\"header_transparent\":\"\",\"animation\":\"\",\"padding_remove_top\":true,\"padding_remove_bottom\":false,\"image_effect\":\"\"},\"children\":[{\"name\":\"\",\"type\":\"row\",\"props\":{\"layout\":\"2-3,\",\"breakpoint\":\"m\",\"fixed_width\":\"large\",\"gutter\":\"large\",\"width\":\"default\",\"width_expand\":\"left\",\"height\":\"\",\"margin\":\"\"},\"children\":[{\"name\":\"\",\"type\":\"column\",\"props\":{\"widths\":[\"2-3\"],\"image_position\":\"center-center\",\"vertical_align\":\"\",\"style\":\"\",\"text_color\":\"\",\"padding\":\"\",\"media_overlay_gradient\":\"\"},\"children\":[{\"type\":\"slideshow\",\"props\":{\"show_title\":true,\"show_meta\":true,\"show_content\":true,\"show_link\":true,\"show_thumbnail\":true,\"slideshow_min_height\":300,\"slideshow_autoplay_pause\":true,\"nav\":\"dotnav\",\"nav_position\":\"bottom-center\",\"nav_position_margin\":\"medium\",\"nav_align\":\"center\",\"nav_breakpoint\":\"s\",\"thumbnav_width\":\"100\",\"thumbnav_height\":\"75\",\"thumbnav_svg_color\":\"emphasis\",\"slidenav\":\"default\",\"slidenav_margin\":\"medium\",\"slidenav_breakpoint\":\"s\",\"slidenav_outside_breakpoint\":\"xl\",\"overlay_position\":\"center-left\",\"overlay_animation\":\"parallax\",\"title_element\":\"h3\",\"meta_style\":\"meta\",\"meta_align\":\"below-content\",\"link_text\":\"Read more\",\"link_style\":\"default\",\"margin\":\"default\",\"slideshow_height\":\"\",\"text_color\":\"light\",\"slideshow_box_shadow\":\"\",\"slideshow_box_decoration\":\"\",\"slideshow_animation\":\"fade\",\"slideshow_kenburns\":\"\",\"nav_margin\":\"\",\"nav_color\":\"\",\"slidenav_outside_color\":\"\",\"overlay_container\":\"default\",\"overlay_container_padding\":\"\",\"overlay_margin\":\"\",\"overlay_style\":\"\",\"overlay_padding\":\"\",\"overlay_width\":\"\",\"title_style\":\"heading-medium\",\"title_decoration\":\"\",\"title_font_family\":\"\",\"title_color\":\"\",\"title_margin\":\"\",\"meta_color\":\"primary\",\"meta_margin\":\"remove\",\"content_style\":\"\",\"content_margin\":\"\",\"link_size\":\"\",\"link_margin\":\"\",\"position\":\"\",\"position_z_index\":\"\",\"maxwidth\":\"\",\"maxwidth_breakpoint\":\"\",\"block_align\":\"\",\"block_align_breakpoint\":\"\",\"block_align_fallback\":\"\",\"text_align\":\"\",\"text_align_breakpoint\":\"\",\"text_align_fallback\":\"\",\"animation\":\"\",\"visibility\":\"\",\"nav_below\":true,\"slideshow_ratio\":\"16:9\",\"slideshow_autoplay\":true},\"children\":[{\"type\":\"slideshow_item\",\"props\":{\"text_color\":\"\",\"image\":\"wp-content\\\/uploads\\\/Von1.jpg\"}},{\"type\":\"slideshow_item\",\"props\":{\"text_color\":\"\",\"image\":\"wp-content\\\/uploads\\\/transporter_1.jpg\",\"image_alt\":\"\",\"title\":\"\",\"meta\":\"\",\"content\":\"\"}},{\"type\":\"slideshow_item\",\"props\":{\"text_color\":\"\",\"image\":\"wp-content\\\/uploads\\\/home-header-slideshow-01.jpg\",\"media_blend_mode\":\"\"}},{\"type\":\"slideshow_item\",\"props\":{\"text_color\":\"\",\"image\":\"wp-content\\\/uploads\\\/db-0367.jpg\",\"media_blend_mode\":\"\",\"meta\":\"\"}},{\"type\":\"slideshow_item\",\"props\":{\"text_color\":\"\",\"image\":\"wp-content\\\/uploads\\\/db-0506.jpg\"}},{\"type\":\"slideshow_item\",\"props\":{\"text_color\":\"\",\"image\":\"wp-content\\\/uploads\\\/db-0225.jpg\"}},{\"type\":\"slideshow_item\",\"props\":{\"text_color\":\"\",\"image\":\"wp-content\\\/uploads\\\/db-0046.jpg\"}},{\"type\":\"slideshow_item\",\"props\":{\"text_color\":\"\",\"image\":\"wp-content\\\/uploads\\\/db-2.jpg\"}},{\"type\":\"slideshow_item\",\"props\":{\"text_color\":\"\",\"image\":\"wp-content\\\/uploads\\\/db-0082.jpg\"}}]}]},{\"name\":\"\",\"type\":\"column\",\"props\":{\"widths\":[\"\"],\"image_position\":\"center-center\",\"vertical_align\":\"middle\",\"style\":\"\",\"text_color\":\"\",\"padding\":\"\",\"media_overlay_gradient\":\"\"},\"children\":[{\"name\":\"\",\"type\":\"divider\",\"props\":{\"divider_element\":\"div\",\"divider_style\":\"small\",\"divider_align\":\"left\",\"divider_align_breakpoint\":\"m\",\"divider_align_fallback\":\"center\",\"maxwidth\":\"\",\"maxwidth_breakpoint\":\"\",\"margin\":\"\",\"animation\":\"none\",\"visibility\":\"\",\"parallax_breakpoint\":\"\",\"parallax_x_start\":\"150\",\"parallax_x_end\":\"0\",\"block_align\":\"\"}},{\"name\":\"\",\"type\":\"headline\",\"props\":{\"title_element\":\"h2\",\"title_style\":\"heading-small\",\"title_decoration\":\"\",\"title_color\":\"\",\"text_align\":\"left\",\"text_align_breakpoint\":\"m\",\"text_align_fallback\":\"center\",\"maxwidth\":\"\",\"maxwidth_breakpoint\":\"\",\"margin\":\"\",\"animation\":\"none\",\"visibility\":\"\",\"content\":\"KFZ-WERBUNG\",\"parallax_breakpoint\":\"\",\"parallax_x_start\":\"\",\"parallax_x_end\":\"\",\"parallax_easing\":\"\",\"margin_remove_top\":true,\"parallax_y_start\":\"0\",\"parallax_y_end\":\"-50\",\"parallax_opacity_start\":\"\",\"parallax_opacity_end\":\"\",\"parallax_viewport\":\"0.4\",\"block_align\":\"\",\"position\":\"\",\"position_z_index\":\"\",\"block_align_breakpoint\":\"\",\"block_align_fallback\":\"\",\"title_font_family\":\"\"}},{\"name\":\"\",\"type\":\"text\",\"props\":{\"margin\":\"medium\",\"column_breakpoint\":\"m\",\"text_style\":\"\",\"text_color\":\"\",\"text_size\":\"\",\"column\":\"\",\"text_align\":\"left\",\"text_align_breakpoint\":\"m\",\"text_align_fallback\":\"center\",\"maxwidth\":\"xlarge\",\"maxwidth_breakpoint\":\"m\",\"animation\":\"none\",\"visibility\":\"\",\"content\":\"\n\n<p>KREATIVE ENTW\\u00dcRFE F\\u00dcR DIE BESTM\\u00d6GLICHE PR\\u00c4SENTATION DEINES UNTERNEHMENS. <br \\\/>HOCHWERTIGE MATERIALIEN SORGEN F\\u00dcR BRILLANTE FARBEN UND EINE LANGE HALTBARKEIT.<\\\/p>\",\"margin_remove_top\":false,\"parallax_breakpoint\":\"\",\"parallax_x_end\":\"0\",\"parallax_x_start\":\"150\",\"parallax_easing\":\"0.3\",\"block_align\":\"\",\"position\":\"\",\"position_z_index\":\"\",\"block_align_breakpoint\":\"\",\"block_align_fallback\":\"\"}},{\"name\":\"\",\"type\":\"button\",\"props\":{\"gutter\":\"small\",\"margin\":\"\",\"button_size\":\"\",\"text_align\":\"left\",\"text_align_breakpoint\":\"m\",\"text_align_fallback\":\"center\",\"maxwidth\":\"\",\"maxwidth_breakpoint\":\"\",\"animation\":\"none\",\"visibility\":\"\",\"parallax_breakpoint\":\"m\",\"parallax_x_start\":\"-150\",\"parallax_x_end\":\"0\",\"parallax_easing\":\"0.3\",\"parallax_opacity_start\":\"0.7\",\"parallax_opacity_end\":\"1\",\"parallax_viewport\":\"0.5\",\"block_align\":\"\",\"position\":\"\",\"position_z_index\":\"\",\"block_align_breakpoint\":\"\",\"block_align_fallback\":\"\"},\"children\":[{\"name\":\"\",\"type\":\"button_item\",\"props\":{\"button_style\":\"text\",\"icon_align\":\"left\",\"link_target\":\"\",\"content\":\"ANFRAGE STELLEN\",\"link\":\"index.php?page_id=27\"}}]}]}]},{\"name\":\"\",\"type\":\"row\",\"props\":{\"layout\":\"2-3,\",\"breakpoint\":\"m\",\"fixed_width\":\"large\",\"gutter\":\"large\",\"width\":\"default\",\"width_expand\":\"right\",\"height\":\"\",\"margin\":\"xlarge\",\"order_last\":true},\"children\":[{\"name\":\"\",\"type\":\"column\",\"props\":{\"widths\":[\"2-3\"],\"image_position\":\"center-center\",\"vertical_align\":\"\",\"style\":\"\",\"text_color\":\"\",\"padding\":\"\",\"media_overlay_gradient\":\"\"},\"children\":[{\"type\":\"slideshow\",\"props\":{\"show_title\":true,\"show_meta\":true,\"show_content\":true,\"show_link\":true,\"show_thumbnail\":true,\"slideshow_min_height\":300,\"slideshow_autoplay_pause\":true,\"nav\":\"dotnav\",\"nav_position\":\"bottom-center\",\"nav_position_margin\":\"medium\",\"nav_align\":\"center\",\"nav_breakpoint\":\"s\",\"thumbnav_width\":\"100\",\"thumbnav_height\":\"75\",\"thumbnav_svg_color\":\"emphasis\",\"slidenav\":\"default\",\"slidenav_margin\":\"medium\",\"slidenav_breakpoint\":\"s\",\"slidenav_outside_breakpoint\":\"xl\",\"overlay_position\":\"center-left\",\"overlay_animation\":\"parallax\",\"title_element\":\"h3\",\"meta_style\":\"meta\",\"meta_align\":\"below-content\",\"link_text\":\"Read more\",\"link_style\":\"default\",\"margin\":\"default\",\"slideshow_height\":\"\",\"text_color\":\"light\",\"slideshow_box_shadow\":\"\",\"slideshow_box_decoration\":\"\",\"slideshow_animation\":\"fade\",\"slideshow_kenburns\":\"\",\"nav_margin\":\"\",\"nav_color\":\"\",\"slidenav_outside_color\":\"\",\"overlay_container\":\"default\",\"overlay_container_padding\":\"\",\"overlay_margin\":\"\",\"overlay_style\":\"\",\"overlay_padding\":\"\",\"overlay_width\":\"\",\"title_style\":\"heading-medium\",\"title_decoration\":\"\",\"title_font_family\":\"\",\"title_color\":\"\",\"title_margin\":\"\",\"meta_color\":\"primary\",\"meta_margin\":\"remove\",\"content_style\":\"\",\"content_margin\":\"\",\"link_size\":\"\",\"link_margin\":\"\",\"position\":\"\",\"position_z_index\":\"\",\"maxwidth\":\"\",\"maxwidth_breakpoint\":\"\",\"block_align\":\"\",\"block_align_breakpoint\":\"\",\"block_align_fallback\":\"\",\"text_align\":\"\",\"text_align_breakpoint\":\"\",\"text_align_fallback\":\"\",\"animation\":\"\",\"visibility\":\"\",\"nav_below\":true,\"slideshow_ratio\":\"16:9\",\"slideshow_autoplay\":true},\"children\":[{\"type\":\"slideshow_item\",\"props\":{\"text_color\":\"\",\"image\":\"wp-content\\\/uploads\\\/DSC_0526.jpg\",\"image_alt\":\"\",\"title\":\"\",\"meta\":\"\",\"content\":\"\"}},{\"type\":\"slideshow_item\",\"props\":{\"text_color\":\"\",\"image\":\"wp-content\\\/uploads\\\/db-1691.jpg\",\"media_blend_mode\":\"\"}},{\"type\":\"slideshow_item\",\"props\":{\"text_color\":\"\",\"image\":\"wp-content\\\/uploads\\\/db-1693.jpg\",\"media_blend_mode\":\"\",\"meta\":\"\"}},{\"type\":\"slideshow_item\",\"props\":{\"text_color\":\"\",\"image\":\"wp-content\\\/uploads\\\/20160531_180713.jpg\"}},{\"type\":\"slideshow_item\",\"props\":{\"text_color\":\"\",\"image\":\"wp-content\\\/uploads\\\/db-1489.jpg\"}},{\"type\":\"slideshow_item\",\"props\":{\"text_color\":\"\",\"image\":\"wp-content\\\/uploads\\\/db-4.jpg\"}},{\"type\":\"slideshow_item\",\"props\":{\"text_color\":\"\",\"image\":\"wp-content\\\/uploads\\\/db-0224.jpg\"}},{\"type\":\"slideshow_item\",\"props\":{\"text_color\":\"\",\"image\":\"wp-content\\\/uploads\\\/db-0229.jpg\"}}]}]},{\"name\":\"\",\"type\":\"column\",\"props\":{\"widths\":[\"\"],\"image_position\":\"center-center\",\"vertical_align\":\"middle\",\"style\":\"\",\"text_color\":\"\",\"padding\":\"\",\"media_overlay_gradient\":\"\"},\"children\":[{\"name\":\"\",\"type\":\"divider\",\"props\":{\"divider_element\":\"div\",\"divider_style\":\"small\",\"divider_align\":\"left\",\"divider_align_breakpoint\":\"m\",\"divider_align_fallback\":\"center\",\"maxwidth\":\"\",\"maxwidth_breakpoint\":\"\",\"margin\":\"\",\"animation\":\"none\",\"visibility\":\"\",\"parallax_breakpoint\":\"\",\"parallax_x_start\":\"150\",\"parallax_x_end\":\"0\",\"block_align\":\"\"}},{\"name\":\"\",\"type\":\"headline\",\"props\":{\"title_element\":\"h2\",\"title_style\":\"heading-small\",\"title_decoration\":\"\",\"title_color\":\"\",\"text_align\":\"left\",\"text_align_breakpoint\":\"m\",\"text_align_fallback\":\"center\",\"maxwidth\":\"\",\"maxwidth_breakpoint\":\"\",\"margin\":\"\",\"animation\":\"parallax\",\"visibility\":\"\",\"content\":\"SCHAUFENSTERWERBUNG & RAUMGESTALTUNG\",\"parallax_breakpoint\":\"m\",\"parallax_x_start\":\"\",\"parallax_x_end\":\"\",\"parallax_easing\":\"\",\"parallax_opacity_start\":\"0.3\",\"parallax_opacity_end\":\"1\",\"parallax_viewport\":\"0.4\",\"margin_remove_top\":true,\"parallax_y_start\":\"30\",\"parallax_y_end\":\"0\",\"block_align\":\"\",\"position\":\"\",\"position_z_index\":\"\",\"block_align_breakpoint\":\"\",\"block_align_fallback\":\"\",\"title_font_family\":\"\"}},{\"name\":\"\",\"type\":\"text\",\"props\":{\"margin\":\"medium\",\"column_breakpoint\":\"m\",\"text_style\":\"\",\"text_color\":\"\",\"text_size\":\"\",\"column\":\"\",\"text_align\":\"left\",\"text_align_breakpoint\":\"m\",\"text_align_fallback\":\"center\",\"maxwidth\":\"xlarge\",\"maxwidth_breakpoint\":\"m\",\"animation\":\"\",\"visibility\":\"\",\"content\":\"\n\n<p>MIT UNSEREN UV,- UND TEMPERATURSTABILEN -80 BIS +110\\u00b0 CELSIUS) FOLIEN KEIN PROBLEM.<\\\/p>\",\"margin_remove_top\":false,\"parallax_breakpoint\":\"m\",\"parallax_x_end\":\"0\",\"parallax_x_start\":\"-150\",\"parallax_easing\":\"0.3\",\"parallax_opacity_start\":\"0.7\",\"parallax_opacity_end\":\"1\",\"parallax_viewport\":\"0.5\",\"block_align\":\"\",\"position\":\"\",\"position_z_index\":\"\",\"block_align_breakpoint\":\"\",\"block_align_fallback\":\"\"}},{\"name\":\"\",\"type\":\"button\",\"props\":{\"gutter\":\"small\",\"margin\":\"\",\"button_size\":\"\",\"text_align\":\"left\",\"text_align_breakpoint\":\"m\",\"text_align_fallback\":\"center\",\"maxwidth\":\"\",\"maxwidth_breakpoint\":\"\",\"animation\":\"none\",\"visibility\":\"\",\"parallax_breakpoint\":\"m\",\"parallax_x_start\":\"-150\",\"parallax_x_end\":\"0\",\"parallax_easing\":\"0.3\",\"parallax_opacity_start\":\"0.7\",\"parallax_opacity_end\":\"1\",\"parallax_viewport\":\"0.5\",\"block_align\":\"\",\"position\":\"\",\"position_z_index\":\"\",\"block_align_breakpoint\":\"\",\"block_align_fallback\":\"\"},\"children\":[{\"name\":\"\",\"type\":\"button_item\",\"props\":{\"button_style\":\"text\",\"icon_align\":\"left\",\"link_target\":\"\",\"content\":\"ANFRAGE STELLEN\",\"link\":\"index.php?page_id=27\"}}]}]}]},{\"name\":\"\",\"type\":\"row\",\"props\":{\"layout\":\"2-3,\",\"breakpoint\":\"m\",\"fixed_width\":\"large\",\"gutter\":\"large\",\"width\":\"default\",\"width_expand\":\"left\",\"height\":\"\",\"margin\":\"xlarge\"},\"children\":[{\"name\":\"\",\"type\":\"column\",\"props\":{\"widths\":[\"2-3\"],\"image_position\":\"center-center\",\"vertical_align\":\"\",\"style\":\"\",\"text_color\":\"\",\"padding\":\"\",\"media_overlay_gradient\":\"\"},\"children\":[{\"type\":\"slideshow\",\"props\":{\"show_title\":false,\"show_meta\":true,\"show_content\":true,\"show_link\":false,\"show_thumbnail\":false,\"slideshow_min_height\":300,\"slideshow_autoplay_pause\":true,\"nav\":\"dotnav\",\"nav_position\":\"bottom-center\",\"nav_position_margin\":\"medium\",\"nav_align\":\"center\",\"nav_breakpoint\":\"s\",\"thumbnav_width\":\"100\",\"thumbnav_height\":\"75\",\"thumbnav_svg_color\":\"emphasis\",\"slidenav\":\"default\",\"slidenav_margin\":\"medium\",\"slidenav_breakpoint\":\"s\",\"slidenav_outside_breakpoint\":\"xl\",\"overlay_position\":\"center-left\",\"overlay_animation\":\"parallax\",\"title_element\":\"h3\",\"meta_style\":\"meta\",\"meta_align\":\"below-title\",\"link_text\":\"Read more\",\"link_style\":\"default\",\"margin\":\"default\",\"slideshow_height\":\"\",\"text_color\":\"light\",\"slideshow_box_shadow\":\"\",\"slideshow_box_decoration\":\"\",\"slideshow_animation\":\"\",\"slideshow_kenburns\":\"\",\"nav_margin\":\"\",\"nav_color\":\"\",\"slidenav_outside_color\":\"\",\"overlay_container\":\"\",\"overlay_container_padding\":\"\",\"overlay_margin\":\"\",\"overlay_style\":\"\",\"overlay_padding\":\"\",\"overlay_width\":\"\",\"title_style\":\"\",\"title_decoration\":\"\",\"title_font_family\":\"\",\"title_color\":\"\",\"title_margin\":\"\",\"meta_color\":\"\",\"meta_margin\":\"\",\"content_style\":\"\",\"content_margin\":\"\",\"link_size\":\"\",\"link_margin\":\"\",\"position\":\"\",\"position_z_index\":\"\",\"maxwidth\":\"\",\"maxwidth_breakpoint\":\"\",\"block_align\":\"\",\"block_align_breakpoint\":\"\",\"block_align_fallback\":\"\",\"text_align\":\"\",\"text_align_breakpoint\":\"\",\"text_align_fallback\":\"\",\"animation\":\"\",\"visibility\":\"\",\"slideshow_autoplay\":true,\"nav_below\":true},\"children\":[{\"type\":\"slideshow_item\",\"props\":{\"title\":\"Shirts5\",\"image\":\"wp-content\\\/uploads\\\/Shirts5.jpg\"}},{\"type\":\"slideshow_item\",\"props\":{\"title\":\"Shirts4\",\"image\":\"wp-content\\\/uploads\\\/Shirts4.jpg\"}},{\"type\":\"slideshow_item\",\"props\":{\"title\":\"Shirts3\",\"image\":\"wp-content\\\/uploads\\\/Shirts3.jpg\"}},{\"type\":\"slideshow_item\",\"props\":{\"title\":\"Shirts2\",\"image\":\"wp-content\\\/uploads\\\/Shirts2.jpg\"}},{\"type\":\"slideshow_item\",\"props\":{\"title\":\"Shirts1\",\"image\":\"wp-content\\\/uploads\\\/Shirts1.jpg\"}}]}]},{\"name\":\"\",\"type\":\"column\",\"props\":{\"widths\":[\"\"],\"image_position\":\"center-center\",\"vertical_align\":\"middle\",\"style\":\"\",\"text_color\":\"\",\"padding\":\"\",\"media_overlay_gradient\":\"\"},\"children\":[{\"name\":\"\",\"type\":\"divider\",\"props\":{\"divider_element\":\"div\",\"divider_style\":\"small\",\"divider_align\":\"left\",\"divider_align_breakpoint\":\"m\",\"divider_align_fallback\":\"center\",\"maxwidth\":\"\",\"maxwidth_breakpoint\":\"\",\"margin\":\"\",\"animation\":\"none\",\"visibility\":\"\",\"parallax_breakpoint\":\"\",\"parallax_x_start\":\"150\",\"parallax_x_end\":\"0\",\"block_align\":\"\"}},{\"name\":\"\",\"type\":\"headline\",\"props\":{\"title_element\":\"h2\",\"title_style\":\"heading-small\",\"title_decoration\":\"\",\"title_color\":\"\",\"text_align\":\"left\",\"text_align_breakpoint\":\"m\",\"text_align_fallback\":\"center\",\"maxwidth\":\"\",\"maxwidth_breakpoint\":\"\",\"margin\":\"\",\"animation\":\"parallax\",\"visibility\":\"\",\"content\":\"TEXTILDRUCK\",\"parallax_breakpoint\":\"m\",\"parallax_x_start\":\"\",\"parallax_x_end\":\"\",\"parallax_easing\":\"\",\"margin_remove_top\":true,\"parallax_y_start\":\"30\",\"parallax_y_end\":\"0\",\"parallax_opacity_start\":\"0.3\",\"parallax_opacity_end\":\"1\",\"parallax_viewport\":\"0.4\",\"block_align\":\"\",\"position\":\"\",\"position_z_index\":\"\",\"block_align_breakpoint\":\"\",\"block_align_fallback\":\"\"}},{\"name\":\"\",\"type\":\"text\",\"props\":{\"margin\":\"medium\",\"column_breakpoint\":\"m\",\"text_style\":\"\",\"text_color\":\"\",\"text_size\":\"\",\"column\":\"\",\"text_align\":\"left\",\"text_align_breakpoint\":\"m\",\"text_align_fallback\":\"center\",\"maxwidth\":\"xlarge\",\"maxwidth_breakpoint\":\"m\",\"animation\":\"none\",\"visibility\":\"\",\"content\":\"\n\n<p>MACH\\u00b4 MIT UNS DEIN EINZELST\\u00dcCK - WIR PRODUZIEREN AB ST\\u00dcCKZAHL 1\\u00a0<\\\/p>\\n\n\n<p>DU BRAUCHST MEHR? KEIN PROBLEM - AUCH 500 BEDRUCKTE TEILE DAUERN BEI UNS NUR WENIGE TAGE!<\\\/p>\",\"margin_remove_top\":false,\"parallax_breakpoint\":\"\",\"parallax_x_end\":\"0\",\"parallax_x_start\":\"150\",\"parallax_easing\":\"0.3\",\"block_align\":\"\",\"position\":\"\",\"position_z_index\":\"\",\"block_align_breakpoint\":\"\",\"block_align_fallback\":\"\"}},{\"name\":\"\",\"type\":\"button\",\"props\":{\"gutter\":\"small\",\"margin\":\"\",\"button_size\":\"\",\"text_align\":\"left\",\"text_align_breakpoint\":\"m\",\"text_align_fallback\":\"center\",\"maxwidth\":\"\",\"maxwidth_breakpoint\":\"\",\"animation\":\"none\",\"visibility\":\"\",\"parallax_breakpoint\":\"m\",\"parallax_x_start\":\"-150\",\"parallax_x_end\":\"0\",\"parallax_easing\":\"0.3\",\"parallax_opacity_start\":\"0.7\",\"parallax_opacity_end\":\"1\",\"parallax_viewport\":\"0.5\",\"block_align\":\"\",\"position\":\"\",\"position_z_index\":\"\",\"block_align_breakpoint\":\"\",\"block_align_fallback\":\"\"},\"children\":[{\"name\":\"\",\"type\":\"button_item\",\"props\":{\"button_style\":\"text\",\"icon_align\":\"left\",\"link_target\":\"\",\"content\":\"ANFRAGE STELLEN\",\"link\":\"index.php?page_id=27\"}}]}]}]}]}],\"props\":[],\"version\":\"1.21.10\"} --><\/p>\n","protected":false},"excerpt":{"rendered":"<p>Eine Auswahl unserer Arbeiten KFZ-WERBUNG KREATIVE ENTW\u00dcRFE F\u00dcR DIE BESTM\u00d6GLICHE PR\u00c4SENTATION DEINES UNTERNEHMENS. HOCHWERTIGE MATERIALIEN SORGEN F\u00dcR BRILLANTE FARBEN UND EINE LANGE HALTBARKEIT. ANFRAGE STELLEN SCHAUFENSTERWERBUNG &#038; RAUMGESTALTUNG MIT UNSEREN UV,- UND TEMPERATURSTABILEN -80 BIS +110\u00b0 CELSIUS) FOLIEN KEIN PROBLEM. ANFRAGE STELLEN Shirts5 Shirts4 Shirts3 Shirts2 Shirts1 TEXTILDRUCK MACH\u00b4 MIT UNS DEIN EINZELST\u00dcCK &#8211; WIR [&hellip;]<\/p>\n","protected":false},"author":1,"featured_media":0,"parent":0,"menu_order":6,"comment_status":"closed","ping_status":"closed","template":"","meta":{"ub_ctt_via":"","footnotes":""},"class_list":["post-25","page","type-page","status-publish","hentry"],"featured_image_src":null,"jetpack_sharing_enabled":true,"_links":{"self":[{"href":"https:\/\/die-bedrucker.de\/index.php?rest_route=\/wp\/v2\/pages\/25","targetHints":{"allow":["GET"]}}],"collection":[{"href":"https:\/\/die-bedrucker.de\/index.php?rest_route=\/wp\/v2\/pages"}],"about":[{"href":"https:\/\/die-bedrucker.de\/index.php?rest_route=\/wp\/v2\/types\/page"}],"author":[{"embeddable":true,"href":"https:\/\/die-bedrucker.de\/index.php?rest_route=\/wp\/v2\/users\/1"}],"replies":[{"embeddable":true,"href":"https:\/\/die-bedrucker.de\/index.php?rest_route=%2Fwp%2Fv2%2Fcomments&post=25"}],"version-history":[{"count":32,"href":"https:\/\/die-bedrucker.de\/index.php?rest_route=\/wp\/v2\/pages\/25\/revisions"}],"predecessor-version":[{"id":1091,"href":"https:\/\/die-bedrucker.de\/index.php?rest_route=\/wp\/v2\/pages\/25\/revisions\/1091"}],"wp:attachment":[{"href":"https:\/\/die-bedrucker.de\/index.php?rest_route=%2Fwp%2Fv2%2Fmedia&parent=25"}],"curies":[{"name":"wp","href":"https:\/\/api.w.org\/{rel}","templated":true}]}}